{"id":72,"date":"2024-07-08T11:16:49","date_gmt":"2024-07-08T11:16:49","guid":{"rendered":"https:\/\/contabilidadeplanoc.pt\/?page_id=72"},"modified":"2024-09-09T14:13:14","modified_gmt":"2024-09-09T14:13:14","slug":"sobre-2","status":"publish","type":"page","link":"https:\/\/contabilidadeplanoc.pt\/?page_id=72","title":{"rendered":"Sobre"},"content":{"rendered":"<p>[et_pb_section fb_built=&#8221;1&#8243; _builder_version=&#8221;4.27.0&#8243; _module_preset=&#8221;default&#8221; global_colors_info=&#8221;{}&#8221;][et_pb_row column_structure=&#8221;1_2,1_2&#8243; _builder_version=&#8221;4.27.0&#8243; _module_preset=&#8221;default&#8221; global_colors_info=&#8221;{}&#8221;][et_pb_column type=&#8221;1_2&#8243; _builder_version=&#8221;4.27.0&#8243; _module_preset=&#8221;default&#8221; global_colors_info=&#8221;{}&#8221;][et_pb_heading title=&#8221;Sobre N\u00f3s&#8221; _builder_version=&#8221;4.27.0&#8243; _module_preset=&#8221;c33f07d9-41e0-421a-8799-5799df695cce&#8221; global_colors_info=&#8221;{}&#8221;][\/et_pb_heading][et_pb_text _builder_version=&#8221;4.27.0&#8243; _module_preset=&#8221;2c55a9c4-feed-423b-9edb-ae0b5b365cac&#8221; text_font=&#8221;&#8211;et_global_body_font||||||||&#8221; global_colors_info=&#8221;{}&#8221;]<\/p>\n<p class=\"p1\" style=\"text-align: justify;\">A M &amp; M Oliveira \u2013 Contabilidade, Lda., fundada em 2006, tem como objetivo oferecer um conjunto de servi\u00e7os globais que v\u00e3o al\u00e9m do apoio contabil\u00edstico tradicional. O nosso Foco \u00e9 auxiliar as empresas e os empres\u00e1rios com um acompanhamento pr\u00f3ximo e constante, fornecendo informa\u00e7\u00f5es \u00e0 Gest\u00e3o em tempo \u00fatil para facilitar a tomada de decis\u00f5es. Com uma presen\u00e7a consolidada no mercado, servimos clientes dos setores do Com\u00e9rcio, Ind\u00fastria e Servi\u00e7os em v\u00e1rias regi\u00f5es do pa\u00eds.<\/p>\n<p>[\/et_pb_text][\/et_pb_column][et_pb_column type=&#8221;1_2&#8243; _builder_version=&#8221;4.27.0&#8243; _module_preset=&#8221;default&#8221; global_colors_info=&#8221;{}&#8221;][et_pb_image src=&#8221;https:\/\/contabilidadeplanoc.pt\/wp-content\/uploads\/2024\/09\/Foto-3-sobre-scaled.jpg&#8221; title_text=&#8221;Foto 3 sobre&#8221; _builder_version=&#8221;4.27.0&#8243; _module_preset=&#8221;default&#8221; global_colors_info=&#8221;{}&#8221;][\/et_pb_image][\/et_pb_column][\/et_pb_row][\/et_pb_section][et_pb_section fb_built=&#8221;1&#8243; admin_label=&#8221;Services&#8221; _builder_version=&#8221;4.27.0&#8243; _module_preset=&#8221;default&#8221; background_enable_image=&#8221;off&#8221; locked=&#8221;off&#8221; collapsed=&#8221;on&#8221; global_colors_info=&#8221;{}&#8221;][et_pb_row _builder_version=&#8221;4.18.0&#8243; _module_preset=&#8221;5138c454-be54-4233-bd3b-f8e6a8747976&#8243; custom_margin=&#8221;|auto|-10px|auto|false|false&#8221; locked=&#8221;off&#8221; global_colors_info=&#8221;{}&#8221;][et_pb_column type=&#8221;4_4&#8243; _builder_version=&#8221;4.18.0&#8243; _module_preset=&#8221;73121f80-a3ef-4484-8763-c3f18e3c56d2&#8243; global_colors_info=&#8221;{}&#8221;][et_pb_heading title=&#8221;Servi\u00e7os&#8221; _builder_version=&#8221;4.24.2&#8243; _module_preset=&#8221;c33f07d9-41e0-421a-8799-5799df695cce&#8221; global_colors_info=&#8221;{}&#8221;][\/et_pb_heading][\/et_pb_column][\/et_pb_row][et_pb_row column_structure=&#8221;1_3,1_3,1_3&#8243; _builder_version=&#8221;4.27.0&#8243; _module_preset=&#8221;5138c454-be54-4233-bd3b-f8e6a8747976&#8243; background_color=&#8221;rgba(255,255,255,0.74)&#8221; custom_padding=&#8221;30px|30px|30px|30px|true|true&#8221; global_colors_info=&#8221;{}&#8221;][et_pb_column type=&#8221;1_3&#8243; _builder_version=&#8221;4.17.3&#8243; _module_preset=&#8221;73121f80-a3ef-4484-8763-c3f18e3c56d2&#8243; global_colors_info=&#8221;{}&#8221;][et_pb_image src=&#8221;https:\/\/contabilidadeplanoc.pt\/wp-content\/uploads\/2024\/09\/enviar-Contabilidade-Sobre-01.jpg&#8221; title_text=&#8221;enviar-Contabilidade &#8211; Sobre &#8211; 01&#8243; _builder_version=&#8221;4.27.0&#8243; _module_preset=&#8221;6ed8fd5c-62c5-4100-98c3-7b8b6d2c2ee6&#8243; global_colors_info=&#8221;{}&#8221;][\/et_pb_image][et_pb_heading title=&#8221;Contabilidade&#8221; _builder_version=&#8221;4.27.0&#8243; _module_preset=&#8221;a3805066-8711-43c7-9f62-5782da0e9f7a&#8221; global_colors_info=&#8221;{}&#8221;][\/et_pb_heading][et_pb_text _builder_version=&#8221;4.27.0&#8243; _module_preset=&#8221;2c55a9c4-feed-423b-9edb-ae0b5b365cac&#8221; locked=&#8221;off&#8221; global_colors_info=&#8221;{%22gcid-36fd78a7-34bc-404d-873c-dafa34efaae5%22:%91%22icon_color%22,%22icon_color%22,%22icon_color%22,%22icon_color%22,%22icon_color%22,%22icon_color%22,%22icon_color%22,%22icon_color%22%93}&#8221;]<\/p>\n<p class=\"p1\" style=\"text-align: justify;\">Disponibilizamos um conjunto completo de servi\u00e7os de contabilidade, assegurando que todas as suas necessidades s\u00e3o tratadas com rigor e efici\u00eancia.<\/p>\n<p>[\/et_pb_text][\/et_pb_column][et_pb_column type=&#8221;1_3&#8243; _builder_version=&#8221;4.17.3&#8243; _module_preset=&#8221;73121f80-a3ef-4484-8763-c3f18e3c56d2&#8243; global_colors_info=&#8221;{}&#8221;][et_pb_image src=&#8221;https:\/\/contabilidadeplanoc.pt\/wp-content\/uploads\/2024\/09\/enviar-Recursos-Humanos-Sobre.jpg&#8221; title_text=&#8221;enviar-Recursos Humanos &#8211; Sobre&#8221; _builder_version=&#8221;4.27.0&#8243; _module_preset=&#8221;6ed8fd5c-62c5-4100-98c3-7b8b6d2c2ee6&#8243; global_colors_info=&#8221;{}&#8221;][\/et_pb_image][et_pb_heading title=&#8221;Recursos Humanos&#8221; _builder_version=&#8221;4.24.3&#8243; _module_preset=&#8221;a3805066-8711-43c7-9f62-5782da0e9f7a&#8221; global_colors_info=&#8221;{}&#8221;][\/et_pb_heading][et_pb_text _builder_version=&#8221;4.27.0&#8243; _module_preset=&#8221;2c55a9c4-feed-423b-9edb-ae0b5b365cac&#8221; locked=&#8221;off&#8221; global_colors_info=&#8221;{%22gcid-36fd78a7-34bc-404d-873c-dafa34efaae5%22:%91%22icon_color%22,%22icon_color%22,%22icon_color%22,%22icon_color%22,%22icon_color%22,%22icon_color%22,%22icon_color%22,%22icon_color%22%93}&#8221;]<\/p>\n<p class=\"p1\" style=\"text-align: justify;\">Os nossos servi\u00e7os de recursos humanos abrangem o processamento de sal\u00e1rios, gest\u00e3o de contratos de trabalho, todos os assuntos relacionados com Seguran\u00e7a Social, entre outros, garantindo que a sua empresa cumpre todas as regulamenta\u00e7\u00f5es em vigor.<\/p>\n<p>[\/et_pb_text][\/et_pb_column][et_pb_column type=&#8221;1_3&#8243; _builder_version=&#8221;4.17.3&#8243; _module_preset=&#8221;73121f80-a3ef-4484-8763-c3f18e3c56d2&#8243; global_colors_info=&#8221;{}&#8221;][et_pb_image src=&#8221;https:\/\/contabilidadeplanoc.pt\/wp-content\/uploads\/2024\/09\/PHOTO-2024-09-09-14-02-16-scaled-e1725887185156.jpg&#8221; title_text=&#8221;PHOTO-2024-09-09-14-02-16&#8243; _builder_version=&#8221;4.27.0&#8243; _module_preset=&#8221;6ed8fd5c-62c5-4100-98c3-7b8b6d2c2ee6&#8243; global_colors_info=&#8221;{}&#8221;][\/et_pb_image][et_pb_heading title=&#8221;Consultoria Financeira&#8221; _builder_version=&#8221;4.24.2&#8243; _module_preset=&#8221;a3805066-8711-43c7-9f62-5782da0e9f7a&#8221; global_colors_info=&#8221;{}&#8221;][\/et_pb_heading][et_pb_text _builder_version=&#8221;4.27.0&#8243; _module_preset=&#8221;2c55a9c4-feed-423b-9edb-ae0b5b365cac&#8221; locked=&#8221;off&#8221; global_colors_info=&#8221;{%22gcid-36fd78a7-34bc-404d-873c-dafa34efaae5%22:%91%22icon_color%22,%22icon_color%22,%22icon_color%22,%22icon_color%22,%22icon_color%22,%22icon_color%22,%22icon_color%22,%22icon_color%22%93}&#8221;]<\/p>\n<p class=\"p1\" style=\"text-align: justify;\">Disponibilizamos consultoria financeira personalizada para apoiar o crescimento e sucesso da sua empresa. Estamos preparados para oferecer orienta\u00e7\u00f5es estrat\u00e9gicas adequadas ao que procura.<\/p>\n<p>[\/et_pb_text][\/et_pb_column][\/et_pb_row][et_pb_row _builder_version=&#8221;4.27.0&#8243; _module_preset=&#8221;default&#8221; width=&#8221;50%&#8221; max_width=&#8221;100%&#8221; hover_enabled=&#8221;0&#8243; global_colors_info=&#8221;{}&#8221; sticky_enabled=&#8221;0&#8243;][et_pb_column type=&#8221;4_4&#8243; _builder_version=&#8221;4.27.0&#8243; _module_preset=&#8221;default&#8221; global_colors_info=&#8221;{}&#8221;][et_pb_image src=&#8221;https:\/\/contabilidadeplanoc.pt\/wp-content\/uploads\/2024\/09\/PHOTO-2024-09-09-14-30-38-scaled.jpg&#8221; title_text=&#8221;PHOTO-2024-09-09-14-30-38&#8243; _builder_version=&#8221;4.27.0&#8243; _module_preset=&#8221;default&#8221; global_colors_info=&#8221;{}&#8221;][\/et_pb_image][\/et_pb_column][\/et_pb_row][\/et_pb_section]<\/p>\n","protected":false},"excerpt":{"rendered":"<p>A M &amp; M Oliveira \u2013 Contabilidade, Lda., fundada em 2006, tem como objetivo oferecer um conjunto de servi\u00e7os globais que v\u00e3o al\u00e9m do apoio contabil\u00edstico tradicional. O nosso Foco \u00e9 auxiliar as empresas e os empres\u00e1rios com um acompanhamento pr\u00f3ximo e constante, fornecendo informa\u00e7\u00f5es \u00e0 Gest\u00e3o em tempo \u00fatil para facilitar a tomada de [&hellip;]<\/p>\n","protected":false},"author":1,"featured_media":0,"parent":0,"menu_order":0,"comment_status":"closed","ping_status":"closed","template":"","meta":{"_et_pb_use_builder":"on","_et_pb_old_content":"","_et_gb_content_width":"","footnotes":""},"class_list":["post-72","page","type-page","status-publish","hentry"],"aioseo_notices":[],"_links":{"self":[{"href":"https:\/\/contabilidadeplanoc.pt\/index.php?rest_route=\/wp\/v2\/pages\/72","targetHints":{"allow":["GET"]}}],"collection":[{"href":"https:\/\/contabilidadeplanoc.pt\/index.php?rest_route=\/wp\/v2\/pages"}],"about":[{"href":"https:\/\/contabilidadeplanoc.pt\/index.php?rest_route=\/wp\/v2\/types\/page"}],"author":[{"embeddable":true,"href":"https:\/\/contabilidadeplanoc.pt\/index.php?rest_route=\/wp\/v2\/users\/1"}],"replies":[{"embeddable":true,"href":"https:\/\/contabilidadeplanoc.pt\/index.php?rest_route=%2Fwp%2Fv2%2Fcomments&post=72"}],"version-history":[{"count":16,"href":"https:\/\/contabilidadeplanoc.pt\/index.php?rest_route=\/wp\/v2\/pages\/72\/revisions"}],"predecessor-version":[{"id":261,"href":"https:\/\/contabilidadeplanoc.pt\/index.php?rest_route=\/wp\/v2\/pages\/72\/revisions\/261"}],"wp:attachment":[{"href":"https:\/\/contabilidadeplanoc.pt\/index.php?rest_route=%2Fwp%2Fv2%2Fmedia&parent=72"}],"curies":[{"name":"wp","href":"https:\/\/api.w.org\/{rel}","templated":true}]}}